{"id":1204,"date":"2018-06-27T22:51:02","date_gmt":"2018-06-27T20:51:02","guid":{"rendered":"https:\/\/10.demooo.pl\/homepage\/"},"modified":"2024-09-26T14:53:58","modified_gmt":"2024-09-26T12:53:58","slug":"homepage","status":"publish","type":"page","link":"https:\/\/www.zwir-kop.pl\/en\/","title":{"rendered":"Homepage"},"content":{"rendered":"\t\t<div data-elementor-type=\"wp-page\" data-elementor-id=\"1204\" class=\"elementor elementor-1204 elementor-13\" data-elementor-post-type=\"page\">\n\t\t\t\t<div class=\"elementor-element elementor-element-7e59128 e-flex e-con-boxed e-con e-parent\" data-id=\"7e59128\" data-element_type=\"container\" data-settings=\"{&quot;background_background&quot;:&quot;slideshow&quot;,&quot;background_slideshow_gallery&quot;:[{&quot;id&quot;:1089,&quot;url&quot;:&quot;https:\\\/\\\/www.zwir-kop.pl\\\/wp-content\\\/uploads\\\/2024\\\/09\\\/DJI_0325-scaled.jpg&quot;},{&quot;id&quot;:1096,&quot;url&quot;:&quot;https:\\\/\\\/www.zwir-kop.pl\\\/wp-content\\\/uploads\\\/2024\\\/09\\\/DJI_0373-scaled.jpg&quot;},{&quot;id&quot;:1091,&quot;url&quot;:&quot;https:\\\/\\\/www.zwir-kop.pl\\\/wp-content\\\/uploads\\\/2024\\\/09\\\/DJI_0334-scaled.jpg&quot;},{&quot;id&quot;:1095,&quot;url&quot;:&quot;https:\\\/\\\/www.zwir-kop.pl\\\/wp-content\\\/uploads\\\/2024\\\/09\\\/DJI_0364-scaled.jpg&quot;},{&quot;id&quot;:1112,&quot;url&quot;:&quot;https:\\\/\\\/www.zwir-kop.pl\\\/wp-content\\\/uploads\\\/2024\\\/09\\\/DJI_0433-scaled.jpg&quot;},{&quot;id&quot;:1084,&quot;url&quot;:&quot;https:\\\/\\\/www.zwir-kop.pl\\\/wp-content\\\/uploads\\\/2024\\\/09\\\/DJI_0306-scaled.jpg&quot;},{&quot;id&quot;:1116,&quot;url&quot;:&quot;https:\\\/\\\/www.zwir-kop.pl\\\/wp-content\\\/uploads\\\/2024\\\/09\\\/IMG_3902-Bartosz-Nowakowski-scaled.jpeg&quot;},{&quot;id&quot;:1100,&quot;url&quot;:&quot;https:\\\/\\\/www.zwir-kop.pl\\\/wp-content\\\/uploads\\\/2024\\\/09\\\/IMG_4361-scaled.jpg&quot;}],&quot;background_slideshow_ken_burns&quot;:&quot;yes&quot;,&quot;background_slideshow_loop&quot;:&quot;yes&quot;,&quot;background_slideshow_slide_duration&quot;:5000,&quot;background_slideshow_slide_transition&quot;:&quot;fade&quot;,&quot;background_slideshow_transition_duration&quot;:500,&quot;background_slideshow_ken_burns_zoom_direction&quot;:&quot;in&quot;}\">\n\t\t\t\t\t<div class=\"e-con-inner\">\n\t\t\t\t<div class=\"elementor-element elementor-element-4d0ac5a elementor-align-center elementor-widget elementor-widget-button\" data-id=\"4d0ac5a\" data-element_type=\"widget\" data-widget_type=\"button.default\">\n\t\t\t\t<div class=\"elementor-widget-container\">\n\t\t\t\t\t\t\t<div class=\"elementor-button-wrapper\">\n\t\t\t\t\t<a class=\"elementor-button elementor-button-link elementor-size-sm\" href=\"#more\">\n\t\t\t\t\t\t<span class=\"elementor-button-content-wrapper\">\n\t\t\t\t\t\t<span class=\"elementor-button-icon\">\n\t\t\t\t<svg aria-hidden=\"true\" class=\"e-font-icon-svg e-fas-arrow-down\" viewBox=\"0 0 448 512\" xmlns=\"http:\/\/www.w3.org\/2000\/svg\"><path d=\"M413.1 222.5l22.2 22.2c9.4 9.4 9.4 24.6 0 33.9L241 473c-9.4 9.4-24.6 9.4-33.9 0L12.7 278.6c-9.4-9.4-9.4-24.6 0-33.9l22.2-22.2c9.5-9.5 25-9.3 34.3.4L184 343.4V56c0-13.3 10.7-24 24-24h32c13.3 0 24 10.7 24 24v287.4l114.8-120.5c9.3-9.8 24.8-10 34.3-.4z\"><\/path><\/svg>\t\t\t<\/span>\n\t\t\t\t\t\t\t\t<\/span>\n\t\t\t\t\t<\/a>\n\t\t\t\t<\/div>\n\t\t\t\t\t\t<\/div>\n\t\t\t\t<\/div>\n\t\t\t\t\t<\/div>\n\t\t\t\t<\/div>\n\t\t<div class=\"elementor-element elementor-element-0515145 e-flex e-con-boxed e-con e-parent\" data-id=\"0515145\" data-element_type=\"container\" id=\"o-firmie\">\n\t\t\t\t\t<div class=\"e-con-inner\">\n\t\t<div class=\"elementor-element elementor-element-1d9ed6b e-flex e-con-boxed e-con e-child\" data-id=\"1d9ed6b\" data-element_type=\"container\">\n\t\t\t\t\t<div class=\"e-con-inner\">\n\t\t\t\t<div class=\"elementor-element elementor-element-2fae9e6 elementor-widget elementor-widget-heading\" data-id=\"2fae9e6\" data-element_type=\"widget\" data-widget_type=\"heading.default\">\n\t\t\t\t<div class=\"elementor-widget-container\">\n\t\t\t<h2 class=\"elementor-heading-title elementor-size-default\">\u017bwir-Kop.pl - Manufacturer of Refulers, Suction Dredgers and Belt Dehydrators<\/h2>\t\t<\/div>\n\t\t\t\t<\/div>\n\t\t\t\t<div class=\"elementor-element elementor-element-cbc9edf elementor-widget elementor-widget-text-editor\" data-id=\"cbc9edf\" data-element_type=\"widget\" data-widget_type=\"text-editor.default\">\n\t\t\t\t<div class=\"elementor-widget-container\">\n\t\t\t\t\t\t\t<p>The company \u017bwir-KOP has existed in the market since 2004. One of the company\u2019s operating areas is aggregate mining.<\/p>\n<p>The deposits we have are now extracted from water.<\/p>\n<p>Our situation forced us to find the optimum way of aggregate extraction, and so we automatically became a producer of dredgers and belt water separators. We offer guarantee and post-guarantee service and operator training.<\/p>\n<p>The equipment we produce is reliable and of very high quality.<\/p>\n<p>It will be a pleasure for us to share the acquired knowledge and experience with you.<\/p>\n\t\t\t\t\t\t<\/div>\n\t\t\t\t<\/div>\n\t\t\t\t\t<\/div>\n\t\t\t\t<\/div>\n\t\t<div class=\"elementor-element elementor-element-1412f7e e-flex e-con-boxed e-con e-child\" data-id=\"1412f7e\" data-element_type=\"container\">\n\t\t\t\t\t<div class=\"e-con-inner\">\n\t\t\t\t<div class=\"elementor-element elementor-element-0e621fa elementor-widget elementor-widget-image\" data-id=\"0e621fa\" data-element_type=\"widget\" data-widget_type=\"image.default\">\n\t\t\t\t<div class=\"elementor-widget-container\">\n\t\t\t\t\t\t\t\t\t\t\t\t\t<img fetchpriority=\"high\" decoding=\"async\" width=\"800\" height=\"600\" src=\"https:\/\/www.zwir-kop.pl\/wp-content\/uploads\/2024\/09\/IMG_5368-Bartosz-Nowakowski-1024x768.jpeg\" class=\"attachment-large size-large wp-image-1130\" alt=\"\" srcset=\"https:\/\/www.zwir-kop.pl\/wp-content\/uploads\/2024\/09\/IMG_5368-Bartosz-Nowakowski-1024x768.jpeg 1024w, https:\/\/www.zwir-kop.pl\/wp-content\/uploads\/2024\/09\/IMG_5368-Bartosz-Nowakowski-300x225.jpeg 300w, https:\/\/www.zwir-kop.pl\/wp-content\/uploads\/2024\/09\/IMG_5368-Bartosz-Nowakowski-768x576.jpeg 768w, https:\/\/www.zwir-kop.pl\/wp-content\/uploads\/2024\/09\/IMG_5368-Bartosz-Nowakowski-1536x1152.jpeg 1536w, https:\/\/www.zwir-kop.pl\/wp-content\/uploads\/2024\/09\/IMG_5368-Bartosz-Nowakowski-2048x1536.jpeg 2048w\" sizes=\"(max-width: 800px) 100vw, 800px\" \/>\t\t\t\t\t\t\t\t\t\t\t\t\t<\/div>\n\t\t\t\t<\/div>\n\t\t\t\t\t<\/div>\n\t\t\t\t<\/div>\n\t\t\t\t\t<\/div>\n\t\t\t\t<\/div>\n\t\t<div class=\"elementor-element elementor-element-9974c20 e-flex e-con-boxed e-con e-parent\" data-id=\"9974c20\" data-element_type=\"container\" data-settings=\"{&quot;background_background&quot;:&quot;classic&quot;}\">\n\t\t\t\t\t<div class=\"e-con-inner\">\n\t\t<div class=\"elementor-element elementor-element-e83263d e-flex e-con-boxed e-con e-child\" data-id=\"e83263d\" data-element_type=\"container\">\n\t\t\t\t\t<div class=\"e-con-inner\">\n\t\t\t\t<div class=\"elementor-element elementor-element-ffe1591 elementor-widget elementor-widget-heading\" data-id=\"ffe1591\" data-element_type=\"widget\" data-widget_type=\"heading.default\">\n\t\t\t\t<div class=\"elementor-widget-container\">\n\t\t\t<h2 class=\"elementor-heading-title elementor-size-default\">Learn more<\/h2>\t\t<\/div>\n\t\t\t\t<\/div>\n\t\t\t\t<div class=\"elementor-element elementor-element-7f83901 elementor-icon-list--layout-traditional elementor-list-item-link-full_width elementor-widget elementor-widget-icon-list\" data-id=\"7f83901\" data-element_type=\"widget\" data-widget_type=\"icon-list.default\">\n\t\t\t\t<div class=\"elementor-widget-container\">\n\t\t\t\t\t<ul class=\"elementor-icon-list-items\">\n\t\t\t\t\t\t\t<li class=\"elementor-icon-list-item\">\n\t\t\t\t\t\t\t\t\t\t\t<a href=\"https:\/\/www.zwir-kop.pl\/en\/?page_id=677\">\n\n\t\t\t\t\t\t\t\t\t\t\t\t<span class=\"elementor-icon-list-icon\">\n\t\t\t\t\t\t\t<svg aria-hidden=\"true\" class=\"e-font-icon-svg e-fas-circle\" viewBox=\"0 0 512 512\" xmlns=\"http:\/\/www.w3.org\/2000\/svg\"><path d=\"M256 8C119 8 8 119 8 256s111 248 248 248 248-111 248-248S393 8 256 8z\"><\/path><\/svg>\t\t\t\t\t\t<\/span>\n\t\t\t\t\t\t\t\t\t\t<span class=\"elementor-icon-list-text\">View our offer<\/span>\n\t\t\t\t\t\t\t\t\t\t\t<\/a>\n\t\t\t\t\t\t\t\t\t<\/li>\n\t\t\t\t\t\t\t\t<li class=\"elementor-icon-list-item\">\n\t\t\t\t\t\t\t\t\t\t\t<a href=\"https:\/\/www.zwir-kop.pl\/uslugi-refulerem\/\">\n\n\t\t\t\t\t\t\t\t\t\t\t\t<span class=\"elementor-icon-list-icon\">\n\t\t\t\t\t\t\t<svg aria-hidden=\"true\" class=\"e-font-icon-svg e-fas-circle\" viewBox=\"0 0 512 512\" xmlns=\"http:\/\/www.w3.org\/2000\/svg\"><path d=\"M256 8C119 8 8 119 8 256s111 248 248 248 248-111 248-248S393 8 256 8z\"><\/path><\/svg>\t\t\t\t\t\t<\/span>\n\t\t\t\t\t\t\t\t\t\t<span class=\"elementor-icon-list-text\">Learn about refuller services<\/span>\n\t\t\t\t\t\t\t\t\t\t\t<\/a>\n\t\t\t\t\t\t\t\t\t<\/li>\n\t\t\t\t\t\t\t\t<li class=\"elementor-icon-list-item\">\n\t\t\t\t\t\t\t\t\t\t\t<a href=\"https:\/\/www.zwir-kop.pl\/en\/contact\/\">\n\n\t\t\t\t\t\t\t\t\t\t\t\t<span class=\"elementor-icon-list-icon\">\n\t\t\t\t\t\t\t<svg aria-hidden=\"true\" class=\"e-font-icon-svg e-fas-circle\" viewBox=\"0 0 512 512\" xmlns=\"http:\/\/www.w3.org\/2000\/svg\"><path d=\"M256 8C119 8 8 119 8 256s111 248 248 248 248-111 248-248S393 8 256 8z\"><\/path><\/svg>\t\t\t\t\t\t<\/span>\n\t\t\t\t\t\t\t\t\t\t<span class=\"elementor-icon-list-text\">Contact us<\/span>\n\t\t\t\t\t\t\t\t\t\t\t<\/a>\n\t\t\t\t\t\t\t\t\t<\/li>\n\t\t\t\t\t\t<\/ul>\n\t\t\t\t<\/div>\n\t\t\t\t<\/div>\n\t\t\t\t\t<\/div>\n\t\t\t\t<\/div>\n\t\t\t\t\t<\/div>\n\t\t\t\t<\/div>\n\t\t\t\t<\/div>\n\t\t","protected":false},"excerpt":{"rendered":"<p>\u017bwir-Kop.pl &#8211; Manufacturer of Refulers, Suction Dredgers and Belt Dehydrators The company \u017bwir-KOP has existed in the market since 2004. One of the company\u2019s operating areas is aggregate mining. The deposits we have are now extracted from water. Our situation forced us to find the optimum way of aggregate extraction, and so we automatically became [&hellip;]<\/p>\n","protected":false},"author":1,"featured_media":0,"parent":0,"menu_order":0,"comment_status":"closed","ping_status":"closed","template":"","meta":{"_acf_changed":false,"footnotes":""},"class_list":["post-1204","page","type-page","status-publish","hentry"],"acf":[],"yoast_head":"<!-- This site is optimized with the Yoast SEO plugin v23.8 - https:\/\/yoast.com\/wordpress\/plugins\/seo\/ -->\n<title>\u017bwir-Kop.pl<\/title>\n<meta name=\"description\" content=\"The best manufacturer of refullers or suction dredgers, as well as belt dewatering machines on the market. SERVICE, RENTAL AND CONSULTANCY - Zwir-Kop Sp. z o.o.\" \/>\n<meta name=\"robots\" content=\"index, follow, max-snippet:-1, max-image-preview:large, max-video-preview:-1\" \/>\n<link rel=\"canonical\" href=\"https:\/\/www.zwir-kop.pl\/en\/\" \/>\n<meta property=\"og:locale\" content=\"en_US\" \/>\n<meta property=\"og:type\" content=\"article\" \/>\n<meta property=\"og:title\" content=\"\u017bwir-Kop.pl\" \/>\n<meta property=\"og:description\" content=\"The best manufacturer of refullers or suction dredgers, as well as belt dewatering machines on the market. SERVICE, RENTAL AND CONSULTANCY - Zwir-Kop Sp. z o.o.\" \/>\n<meta property=\"og:url\" content=\"https:\/\/www.zwir-kop.pl\/en\/\" \/>\n<meta property=\"og:site_name\" content=\"\u017bwir-Kop.pl\" \/>\n<meta property=\"article:modified_time\" content=\"2024-09-26T12:53:58+00:00\" \/>\n<meta property=\"og:image\" content=\"https:\/\/www.zwir-kop.pl\/wp-content\/uploads\/2024\/09\/IMG_5368-Bartosz-Nowakowski-1024x768.jpeg\" \/>\n<meta name=\"twitter:card\" content=\"summary_large_image\" \/>\n<meta name=\"twitter:label1\" content=\"Est. reading time\" \/>\n\t<meta name=\"twitter:data1\" content=\"1 minute\" \/>\n<script type=\"application\/ld+json\" class=\"yoast-schema-graph\">{\"@context\":\"https:\/\/schema.org\",\"@graph\":[{\"@type\":\"WebPage\",\"@id\":\"https:\/\/www.zwir-kop.pl\/en\/\",\"url\":\"https:\/\/www.zwir-kop.pl\/en\/\",\"name\":\"\u017bwir-Kop.pl\",\"isPartOf\":{\"@id\":\"https:\/\/www.zwir-kop.pl\/#website\"},\"primaryImageOfPage\":{\"@id\":\"https:\/\/www.zwir-kop.pl\/en\/#primaryimage\"},\"image\":{\"@id\":\"https:\/\/www.zwir-kop.pl\/en\/#primaryimage\"},\"thumbnailUrl\":\"https:\/\/www.zwir-kop.pl\/wp-content\/uploads\/2024\/09\/IMG_5368-Bartosz-Nowakowski-1024x768.jpeg\",\"datePublished\":\"2018-06-27T20:51:02+00:00\",\"dateModified\":\"2024-09-26T12:53:58+00:00\",\"description\":\"The best manufacturer of refullers or suction dredgers, as well as belt dewatering machines on the market. SERVICE, RENTAL AND CONSULTANCY - Zwir-Kop Sp. z o.o.\",\"breadcrumb\":{\"@id\":\"https:\/\/www.zwir-kop.pl\/en\/#breadcrumb\"},\"inLanguage\":\"en-US\",\"potentialAction\":[{\"@type\":\"ReadAction\",\"target\":[\"https:\/\/www.zwir-kop.pl\/en\/\"]}]},{\"@type\":\"ImageObject\",\"inLanguage\":\"en-US\",\"@id\":\"https:\/\/www.zwir-kop.pl\/en\/#primaryimage\",\"url\":\"https:\/\/www.zwir-kop.pl\/wp-content\/uploads\/2024\/09\/IMG_5368-Bartosz-Nowakowski-1024x768.jpeg\",\"contentUrl\":\"https:\/\/www.zwir-kop.pl\/wp-content\/uploads\/2024\/09\/IMG_5368-Bartosz-Nowakowski-1024x768.jpeg\"},{\"@type\":\"BreadcrumbList\",\"@id\":\"https:\/\/www.zwir-kop.pl\/en\/#breadcrumb\",\"itemListElement\":[{\"@type\":\"ListItem\",\"position\":1,\"name\":\"Zwir-kop\",\"item\":\"https:\/\/www.zwir-kop.pl\/en\/\"},{\"@type\":\"ListItem\",\"position\":2,\"name\":\"Homepage\"}]},{\"@type\":\"WebSite\",\"@id\":\"https:\/\/www.zwir-kop.pl\/#website\",\"url\":\"https:\/\/www.zwir-kop.pl\/\",\"name\":\"\u017bwir Kop\",\"description\":\"\u017bwir-Kop.pl - Producent Refuler\u00f3w, Pog\u0142\u0119biarek ss\u0105cych i Odwadniaczy ta\u015bmowych\",\"publisher\":{\"@id\":\"https:\/\/www.zwir-kop.pl\/#organization\"},\"potentialAction\":[{\"@type\":\"SearchAction\",\"target\":{\"@type\":\"EntryPoint\",\"urlTemplate\":\"https:\/\/www.zwir-kop.pl\/?s={search_term_string}\"},\"query-input\":{\"@type\":\"PropertyValueSpecification\",\"valueRequired\":true,\"valueName\":\"search_term_string\"}}],\"inLanguage\":\"en-US\"},{\"@type\":\"Organization\",\"@id\":\"https:\/\/www.zwir-kop.pl\/#organization\",\"name\":\"\u017bwir Kop\",\"url\":\"https:\/\/www.zwir-kop.pl\/\",\"logo\":{\"@type\":\"ImageObject\",\"inLanguage\":\"en-US\",\"@id\":\"https:\/\/www.zwir-kop.pl\/#\/schema\/logo\/image\/\",\"url\":\"https:\/\/www.zwir-kop.pl\/wp-content\/uploads\/2024\/09\/cropped-zwir-kop-zaslepka.png\",\"contentUrl\":\"https:\/\/www.zwir-kop.pl\/wp-content\/uploads\/2024\/09\/cropped-zwir-kop-zaslepka.png\",\"width\":512,\"height\":512,\"caption\":\"\u017bwir Kop\"},\"image\":{\"@id\":\"https:\/\/www.zwir-kop.pl\/#\/schema\/logo\/image\/\"}}]}<\/script>\n<!-- \/ Yoast SEO plugin. -->","yoast_head_json":{"title":"\u017bwir-Kop.pl","description":"The best manufacturer of refullers or suction dredgers, as well as belt dewatering machines on the market. SERVICE, RENTAL AND CONSULTANCY - Zwir-Kop Sp. z o.o.","robots":{"index":"index","follow":"follow","max-snippet":"max-snippet:-1","max-image-preview":"max-image-preview:large","max-video-preview":"max-video-preview:-1"},"canonical":"https:\/\/www.zwir-kop.pl\/en\/","og_locale":"en_US","og_type":"article","og_title":"\u017bwir-Kop.pl","og_description":"The best manufacturer of refullers or suction dredgers, as well as belt dewatering machines on the market. SERVICE, RENTAL AND CONSULTANCY - Zwir-Kop Sp. z o.o.","og_url":"https:\/\/www.zwir-kop.pl\/en\/","og_site_name":"\u017bwir-Kop.pl","article_modified_time":"2024-09-26T12:53:58+00:00","og_image":[{"url":"https:\/\/www.zwir-kop.pl\/wp-content\/uploads\/2024\/09\/IMG_5368-Bartosz-Nowakowski-1024x768.jpeg"}],"twitter_card":"summary_large_image","twitter_misc":{"Est. reading time":"1 minute"},"schema":{"@context":"https:\/\/schema.org","@graph":[{"@type":"WebPage","@id":"https:\/\/www.zwir-kop.pl\/en\/","url":"https:\/\/www.zwir-kop.pl\/en\/","name":"\u017bwir-Kop.pl","isPartOf":{"@id":"https:\/\/www.zwir-kop.pl\/#website"},"primaryImageOfPage":{"@id":"https:\/\/www.zwir-kop.pl\/en\/#primaryimage"},"image":{"@id":"https:\/\/www.zwir-kop.pl\/en\/#primaryimage"},"thumbnailUrl":"https:\/\/www.zwir-kop.pl\/wp-content\/uploads\/2024\/09\/IMG_5368-Bartosz-Nowakowski-1024x768.jpeg","datePublished":"2018-06-27T20:51:02+00:00","dateModified":"2024-09-26T12:53:58+00:00","description":"The best manufacturer of refullers or suction dredgers, as well as belt dewatering machines on the market. SERVICE, RENTAL AND CONSULTANCY - Zwir-Kop Sp. z o.o.","breadcrumb":{"@id":"https:\/\/www.zwir-kop.pl\/en\/#breadcrumb"},"inLanguage":"en-US","potentialAction":[{"@type":"ReadAction","target":["https:\/\/www.zwir-kop.pl\/en\/"]}]},{"@type":"ImageObject","inLanguage":"en-US","@id":"https:\/\/www.zwir-kop.pl\/en\/#primaryimage","url":"https:\/\/www.zwir-kop.pl\/wp-content\/uploads\/2024\/09\/IMG_5368-Bartosz-Nowakowski-1024x768.jpeg","contentUrl":"https:\/\/www.zwir-kop.pl\/wp-content\/uploads\/2024\/09\/IMG_5368-Bartosz-Nowakowski-1024x768.jpeg"},{"@type":"BreadcrumbList","@id":"https:\/\/www.zwir-kop.pl\/en\/#breadcrumb","itemListElement":[{"@type":"ListItem","position":1,"name":"Zwir-kop","item":"https:\/\/www.zwir-kop.pl\/en\/"},{"@type":"ListItem","position":2,"name":"Homepage"}]},{"@type":"WebSite","@id":"https:\/\/www.zwir-kop.pl\/#website","url":"https:\/\/www.zwir-kop.pl\/","name":"\u017bwir Kop","description":"\u017bwir-Kop.pl - Producent Refuler\u00f3w, Pog\u0142\u0119biarek ss\u0105cych i Odwadniaczy ta\u015bmowych","publisher":{"@id":"https:\/\/www.zwir-kop.pl\/#organization"},"potentialAction":[{"@type":"SearchAction","target":{"@type":"EntryPoint","urlTemplate":"https:\/\/www.zwir-kop.pl\/?s={search_term_string}"},"query-input":{"@type":"PropertyValueSpecification","valueRequired":true,"valueName":"search_term_string"}}],"inLanguage":"en-US"},{"@type":"Organization","@id":"https:\/\/www.zwir-kop.pl\/#organization","name":"\u017bwir Kop","url":"https:\/\/www.zwir-kop.pl\/","logo":{"@type":"ImageObject","inLanguage":"en-US","@id":"https:\/\/www.zwir-kop.pl\/#\/schema\/logo\/image\/","url":"https:\/\/www.zwir-kop.pl\/wp-content\/uploads\/2024\/09\/cropped-zwir-kop-zaslepka.png","contentUrl":"https:\/\/www.zwir-kop.pl\/wp-content\/uploads\/2024\/09\/cropped-zwir-kop-zaslepka.png","width":512,"height":512,"caption":"\u017bwir Kop"},"image":{"@id":"https:\/\/www.zwir-kop.pl\/#\/schema\/logo\/image\/"}}]}},"_links":{"self":[{"href":"https:\/\/www.zwir-kop.pl\/en\/wp-json\/wp\/v2\/pages\/1204"}],"collection":[{"href":"https:\/\/www.zwir-kop.pl\/en\/wp-json\/wp\/v2\/pages"}],"about":[{"href":"https:\/\/www.zwir-kop.pl\/en\/wp-json\/wp\/v2\/types\/page"}],"author":[{"embeddable":true,"href":"https:\/\/www.zwir-kop.pl\/en\/wp-json\/wp\/v2\/users\/1"}],"replies":[{"embeddable":true,"href":"https:\/\/www.zwir-kop.pl\/en\/wp-json\/wp\/v2\/comments?post=1204"}],"version-history":[{"count":3,"href":"https:\/\/www.zwir-kop.pl\/en\/wp-json\/wp\/v2\/pages\/1204\/revisions"}],"predecessor-version":[{"id":1220,"href":"https:\/\/www.zwir-kop.pl\/en\/wp-json\/wp\/v2\/pages\/1204\/revisions\/1220"}],"wp:attachment":[{"href":"https:\/\/www.zwir-kop.pl\/en\/wp-json\/wp\/v2\/media?parent=1204"}],"curies":[{"name":"wp","href":"https:\/\/api.w.org\/{rel}","templated":true}]}}